{"id":16443,"date":"2022-04-04T08:48:19","date_gmt":"2022-04-04T08:48:19","guid":{"rendered":"https:\/\/rpmanetworks.com\/atomkraftclonesite-english\/?page_id=16443"},"modified":"2023-05-22T13:02:31","modified_gmt":"2023-05-22T13:02:31","slug":"explainer-videoer","status":"publish","type":"page","link":"https:\/\/rpmanetworks.com\/atomkraftclonesite-english\/explainer-videoer\/","title":{"rendered":"Explainer videos"},"content":{"rendered":"\t\t<div data-elementor-type=\"wp-page\" data-elementor-id=\"16443\" class=\"elementor elementor-16443\" data-elementor-post-type=\"page\">\n\t\t\t\t\t\t<section class=\"elementor-section elementor-top-section elementor-element elementor-element-7590785 elementor-section-boxed elementor-section-height-default elementor-section-height-default\" data-id=\"7590785\" data-element_type=\"section\" data-e-type=\"section\">\n\t\t\t\t\t\t<div class=\"elementor-container elementor-column-gap-default\">\n\t\t\t\t\t<div class=\"elementor-column elementor-col-100 elementor-top-column elementor-element elementor-element-c370520\" data-id=\"c370520\" data-element_type=\"column\" data-e-type=\"column\">\n\t\t\t<div class=\"elementor-widget-wrap elementor-element-populated\">\n\t\t\t\t\t\t<div class=\"elementor-element elementor-element-3ac3b5b elementor-widget elementor-widget-spacer\" data-id=\"3ac3b5b\" data-element_type=\"widget\" data-e-type=\"widget\" data-widget_type=\"spacer.default\">\n\t\t\t\t<div class=\"elementor-widget-container\">\n\t\t\t\t\t\t\t<div class=\"elementor-spacer\">\n\t\t\t<div class=\"elementor-spacer-inner\"><\/div>\n\t\t<\/div>\n\t\t\t\t\t\t<\/div>\n\t\t\t\t<\/div>\n\t\t\t\t\t<\/div>\n\t\t<\/div>\n\t\t\t\t\t<\/div>\n\t\t<\/section>\n\t\t\t\t<section class=\"elementor-section elementor-top-section elementor-element elementor-element-ae96816 elementor-section-boxed elementor-section-height-default elementor-section-height-default\" data-id=\"ae96816\" data-element_type=\"section\" data-e-type=\"section\">\n\t\t\t\t\t\t<div class=\"elementor-container elementor-column-gap-default\">\n\t\t\t\t\t<div class=\"elementor-column elementor-col-100 elementor-top-column elementor-element elementor-element-82aef9d\" data-id=\"82aef9d\" data-element_type=\"column\" data-e-type=\"column\">\n\t\t\t<div class=\"elementor-widget-wrap elementor-element-populated\">\n\t\t\t\t\t\t<div class=\"elementor-element elementor-element-9af59f6 elementor-widget elementor-widget-heading\" data-id=\"9af59f6\" data-element_type=\"widget\" data-e-type=\"widget\" data-widget_type=\"heading.default\">\n\t\t\t\t<div class=\"elementor-widget-container\">\n\t\t\t\t\t<h1 class=\"elementor-heading-title elementor-size-xxl\">Explainer videoer<\/h1>\t\t\t\t<\/div>\n\t\t\t\t<\/div>\n\t\t\t\t<div class=\"elementor-element elementor-element-64e6d2f elementor-widget elementor-widget-heading\" data-id=\"64e6d2f\" data-element_type=\"widget\" data-e-type=\"widget\" data-widget_type=\"heading.default\">\n\t\t\t\t<div class=\"elementor-widget-container\">\n\t\t\t\t\t<h5 class=\"elementor-heading-title elementor-size-default\">Vi har i foreningen f\u00e5et lavet en r\u00e6kke korte videoer, der har til hensigt at unders\u00f8ge forskellige aspekter af atomkraft p\u00e5 en informativ og humoristisk m\u00e5de.<\/h5>\t\t\t\t<\/div>\n\t\t\t\t<\/div>\n\t\t\t\t\t<\/div>\n\t\t<\/div>\n\t\t\t\t\t<\/div>\n\t\t<\/section>\n\t\t\t\t<section class=\"elementor-section elementor-top-section elementor-element elementor-element-4b7f2f8 elementor-section-full_width elementor-section-height-default elementor-section-height-default\" data-id=\"4b7f2f8\" data-element_type=\"section\" data-e-type=\"section\">\n\t\t\t\t\t\t<div class=\"elementor-container elementor-column-gap-default\">\n\t\t\t\t\t<div class=\"elementor-column elementor-col-25 elementor-top-column elementor-element elementor-element-28e7245\" data-id=\"28e7245\" data-element_type=\"column\" data-e-type=\"column\">\n\t\t\t<div class=\"elementor-widget-wrap\">\n\t\t\t\t\t\t\t<\/div>\n\t\t<\/div>\n\t\t\t\t<div class=\"elementor-column elementor-col-25 elementor-top-column elementor-element elementor-element-4fdb7e5\" data-id=\"4fdb7e5\" data-element_type=\"column\" data-e-type=\"column\">\n\t\t\t<div class=\"elementor-widget-wrap elementor-element-populated\">\n\t\t\t\t\t\t<section class=\"elementor-section elementor-inner-section elementor-element elementor-element-5551f46 elementor-section-boxed elementor-section-height-default elementor-section-height-default\" data-id=\"5551f46\" data-element_type=\"section\" data-e-type=\"section\">\n\t\t\t\t\t\t<div class=\"elementor-container elementor-column-gap-default\">\n\t\t\t\t\t<div class=\"elementor-column elementor-col-100 elementor-inner-column elementor-element elementor-element-a8e81d9\" data-id=\"a8e81d9\" data-element_type=\"column\" data-e-type=\"column\">\n\t\t\t<div class=\"elementor-widget-wrap elementor-element-populated\">\n\t\t\t\t\t\t<div class=\"elementor-element elementor-element-2bd322a elementor-widget elementor-widget-facebook-embed\" data-id=\"2bd322a\" data-element_type=\"widget\" data-e-type=\"widget\" data-widget_type=\"facebook-embed.default\">\n\t\t\t\t<div class=\"elementor-widget-container\">\n\t\t\t\t\t<div style=\"min-height: 1px\" class=\"elementor-facebook-widget fb-video\" data-href=\"https:\/\/www.facebook.com\/atomkraftjatak\/videos\/967580390553370\/\" data-show-text=\"true\" data-allowfullscreen=\"false\" data-autoplay=\"false\" data-show-captions=\"true\"><\/div>\t\t\t\t<\/div>\n\t\t\t\t<\/div>\n\t\t\t\t\t<\/div>\n\t\t<\/div>\n\t\t\t\t\t<\/div>\n\t\t<\/section>\n\t\t\t\t\t<\/div>\n\t\t<\/div>\n\t\t\t\t<div class=\"elementor-column elementor-col-25 elementor-top-column elementor-element elementor-element-a29b317\" data-id=\"a29b317\" data-element_type=\"column\" data-e-type=\"column\">\n\t\t\t<div class=\"elementor-widget-wrap elementor-element-populated\">\n\t\t\t\t\t\t<section class=\"elementor-section elementor-inner-section elementor-element elementor-element-a3fac4a elementor-section-full_width elementor-section-height-default elementor-section-height-default\" data-id=\"a3fac4a\" data-element_type=\"section\" data-e-type=\"section\">\n\t\t\t\t\t\t<div class=\"elementor-container elementor-column-gap-default\">\n\t\t\t\t\t<div class=\"elementor-column elementor-col-100 elementor-inner-column elementor-element elementor-element-e6bc3a0\" data-id=\"e6bc3a0\" data-element_type=\"column\" data-e-type=\"column\">\n\t\t\t<div class=\"elementor-widget-wrap elementor-element-populated\">\n\t\t\t\t\t\t<div class=\"elementor-element elementor-element-5899a0a elementor-widget elementor-widget-facebook-embed\" data-id=\"5899a0a\" data-element_type=\"widget\" data-e-type=\"widget\" data-widget_type=\"facebook-embed.default\">\n\t\t\t\t<div class=\"elementor-widget-container\">\n\t\t\t\t\t<div style=\"min-height: 1px\" class=\"elementor-facebook-widget fb-video\" data-href=\"https:\/\/www.facebook.com\/atomkraftjatak\/videos\/1060569747836698\/\" data-show-text=\"true\" data-allowfullscreen=\"false\" data-autoplay=\"false\" data-show-captions=\"true\"><\/div>\t\t\t\t<\/div>\n\t\t\t\t<\/div>\n\t\t\t\t\t<\/div>\n\t\t<\/div>\n\t\t\t\t\t<\/div>\n\t\t<\/section>\n\t\t\t\t\t<\/div>\n\t\t<\/div>\n\t\t\t\t<div class=\"elementor-column elementor-col-25 elementor-top-column elementor-element elementor-element-ce993b5\" data-id=\"ce993b5\" data-element_type=\"column\" data-e-type=\"column\">\n\t\t\t<div class=\"elementor-widget-wrap\">\n\t\t\t\t\t\t\t<\/div>\n\t\t<\/div>\n\t\t\t\t\t<\/div>\n\t\t<\/section>\n\t\t\t\t<section class=\"elementor-section elementor-top-section elementor-element elementor-element-501f482 elementor-section-boxed elementor-section-height-default elementor-section-height-default\" data-id=\"501f482\" data-element_type=\"section\" data-e-type=\"section\">\n\t\t\t\t\t\t<div class=\"elementor-container elementor-column-gap-default\">\n\t\t\t\t\t<div class=\"elementor-column elementor-col-100 elementor-top-column elementor-element elementor-element-8a52ea7\" data-id=\"8a52ea7\" data-element_type=\"column\" data-e-type=\"column\">\n\t\t\t<div class=\"elementor-widget-wrap elementor-element-populated\">\n\t\t\t\t\t\t<div class=\"elementor-element elementor-element-70b80c5 elementor-widget elementor-widget-spacer\" data-id=\"70b80c5\" data-element_type=\"widget\" data-e-type=\"widget\" data-widget_type=\"spacer.default\">\n\t\t\t\t<div class=\"elementor-widget-container\">\n\t\t\t\t\t\t\t<div class=\"elementor-spacer\">\n\t\t\t<div class=\"elementor-spacer-inner\"><\/div>\n\t\t<\/div>\n\t\t\t\t\t\t<\/div>\n\t\t\t\t<\/div>\n\t\t\t\t\t<\/div>\n\t\t<\/div>\n\t\t\t\t\t<\/div>\n\t\t<\/section>\n\t\t\t\t<\/div>\n\t\t","protected":false},"excerpt":{"rendered":"<p>Explainer videoer Vi har i foreningen f\u00e5et lavet en r\u00e6kke korte videoer, der har til hensigt at unders\u00f8ge forskellige aspekter af atomkraft p\u00e5 en informativ og humoristisk m\u00e5de.<\/p>\n","protected":false},"author":2,"featured_media":0,"parent":0,"menu_order":0,"comment_status":"closed","ping_status":"closed","template":"","meta":{"_uag_custom_page_level_css":"","site-sidebar-layout":"no-sidebar","site-content-layout":"page-builder","ast-site-content-layout":"default","site-content-style":"default","site-sidebar-style":"default","ast-global-header-display":"","ast-banner-title-visibility":"","ast-main-header-display":"","ast-hfb-above-header-display":"","ast-hfb-below-header-display":"","ast-hfb-mobile-header-display":"","site-post-title":"disabled","ast-breadcrumbs-content":"","ast-featured-img":"disabled","footer-sml-layout":"","ast-disable-related-posts":"","theme-transparent-header-meta":"","adv-header-id-meta":"","stick-header-meta":"","header-above-stick-meta":"","header-main-stick-meta":"","header-below-stick-meta":"","astra-migrate-meta-layouts":"default","ast-page-background-enabled":"default","ast-page-background-meta":{"desktop":{"background-color":"var(--ast-global-color-4)","background-image":"","background-repeat":"repeat","background-position":"center center","background-size":"auto","background-attachment":"scroll","background-type":"","background-media":"","overlay-type":"","overlay-color":"","overlay-opacity":"","overlay-gradient":""},"tablet":{"background-color":"","background-image":"","background-repeat":"repeat","background-position":"center center","background-size":"auto","background-attachment":"scroll","background-type":"","background-media":"","overlay-type":"","overlay-color":"","overlay-opacity":"","overlay-gradient":""},"mobile":{"background-color":"","background-image":"","background-repeat":"repeat","background-position":"center center","background-size":"auto","background-attachment":"scroll","background-type":"","background-media":"","overlay-type":"","overlay-color":"","overlay-opacity":"","overlay-gradient":""}},"ast-content-background-meta":{"desktop":{"background-color":"var(--ast-global-color-5)","background-image":"","background-repeat":"repeat","background-position":"center center","background-size":"auto","background-attachment":"scroll","background-type":"","background-media":"","overlay-type":"","overlay-color":"","overlay-opacity":"","overlay-gradient":""},"tablet":{"background-color":"var(--ast-global-color-5)","background-image":"","background-repeat":"repeat","background-position":"center center","background-size":"auto","background-attachment":"scroll","background-type":"","background-media":"","overlay-type":"","overlay-color":"","overlay-opacity":"","overlay-gradient":""},"mobile":{"background-color":"var(--ast-global-color-5)","background-image":"","background-repeat":"repeat","background-position":"center center","background-size":"auto","background-attachment":"scroll","background-type":"","background-media":"","overlay-type":"","overlay-color":"","overlay-opacity":"","overlay-gradient":""}},"footnotes":""},"class_list":["post-16443","page","type-page","status-publish","hentry"],"yoast_head":"<!-- This site is optimized with the Yoast SEO plugin v27.6 - https:\/\/yoast.com\/product\/yoast-seo-wordpress\/ -->\n<title>Explainer videos - Foreningen Atomkraft Ja Tak<\/title>\n<meta name=\"robots\" content=\"index, follow, max-snippet:-1, max-image-preview:large, max-video-preview:-1\" \/>\n<link rel=\"canonical\" href=\"https:\/\/rpmanetworks.com\/atomkraftclonesite-english\/explainer-videoer\/\" \/>\n<meta property=\"og:locale\" content=\"en_US\" \/>\n<meta property=\"og:type\" content=\"article\" \/>\n<meta property=\"og:title\" content=\"Explainer videos - Foreningen Atomkraft Ja Tak\" \/>\n<meta property=\"og:description\" content=\"Explainer videoer Vi har i foreningen f\u00e5et lavet en r\u00e6kke korte videoer, der har til hensigt at unders\u00f8ge forskellige aspekter af atomkraft p\u00e5 en informativ og humoristisk m\u00e5de.\" \/>\n<meta property=\"og:url\" content=\"https:\/\/rpmanetworks.com\/atomkraftclonesite-english\/explainer-videoer\/\" \/>\n<meta property=\"og:site_name\" content=\"Foreningen Atomkraft Ja Tak\" \/>\n<meta property=\"article:modified_time\" content=\"2023-05-22T13:02:31+00:00\" \/>\n<meta name=\"twitter:card\" content=\"summary_large_image\" \/>\n<meta name=\"twitter:label1\" content=\"Est. reading time\" \/>\n\t<meta name=\"twitter:data1\" content=\"1 minute\" \/>\n<script type=\"application\/ld+json\" class=\"yoast-schema-graph\">{\"@context\":\"https:\\\/\\\/schema.org\",\"@graph\":[{\"@type\":\"WebPage\",\"@id\":\"https:\\\/\\\/rpmanetworks.com\\\/atomkraftclonesite-english\\\/explainer-videoer\\\/\",\"url\":\"https:\\\/\\\/rpmanetworks.com\\\/atomkraftclonesite-english\\\/explainer-videoer\\\/\",\"name\":\"Explainer videos - Foreningen Atomkraft Ja Tak\",\"isPartOf\":{\"@id\":\"https:\\\/\\\/rpmanetworks.com\\\/atomkraftclonesite-english\\\/#website\"},\"datePublished\":\"2022-04-04T08:48:19+00:00\",\"dateModified\":\"2023-05-22T13:02:31+00:00\",\"breadcrumb\":{\"@id\":\"https:\\\/\\\/rpmanetworks.com\\\/atomkraftclonesite-english\\\/explainer-videoer\\\/#breadcrumb\"},\"inLanguage\":\"en-US\",\"potentialAction\":[{\"@type\":\"ReadAction\",\"target\":[\"https:\\\/\\\/rpmanetworks.com\\\/atomkraftclonesite-english\\\/explainer-videoer\\\/\"]}]},{\"@type\":\"BreadcrumbList\",\"@id\":\"https:\\\/\\\/rpmanetworks.com\\\/atomkraftclonesite-english\\\/explainer-videoer\\\/#breadcrumb\",\"itemListElement\":[{\"@type\":\"ListItem\",\"position\":1,\"name\":\"Home\",\"item\":\"https:\\\/\\\/rpmanetworks.com\\\/atomkraftclonesite-english\\\/\"},{\"@type\":\"ListItem\",\"position\":2,\"name\":\"Explainer videos\"}]},{\"@type\":\"WebSite\",\"@id\":\"https:\\\/\\\/rpmanetworks.com\\\/atomkraftclonesite-english\\\/#website\",\"url\":\"https:\\\/\\\/rpmanetworks.com\\\/atomkraftclonesite-english\\\/\",\"name\":\"Foreningen Atomkraft Ja Tak\",\"description\":\"- Brug hjernen, split kernen\",\"publisher\":{\"@id\":\"https:\\\/\\\/rpmanetworks.com\\\/atomkraftclonesite-english\\\/#organization\"},\"potentialAction\":[{\"@type\":\"SearchAction\",\"target\":{\"@type\":\"EntryPoint\",\"urlTemplate\":\"https:\\\/\\\/rpmanetworks.com\\\/atomkraftclonesite-english\\\/?s={search_term_string}\"},\"query-input\":{\"@type\":\"PropertyValueSpecification\",\"valueRequired\":true,\"valueName\":\"search_term_string\"}}],\"inLanguage\":\"en-US\"},{\"@type\":\"Organization\",\"@id\":\"https:\\\/\\\/rpmanetworks.com\\\/atomkraftclonesite-english\\\/#organization\",\"name\":\"Foreningen Atomkraft Ja Tak\",\"url\":\"https:\\\/\\\/rpmanetworks.com\\\/atomkraftclonesite-english\\\/\",\"logo\":{\"@type\":\"ImageObject\",\"inLanguage\":\"en-US\",\"@id\":\"https:\\\/\\\/rpmanetworks.com\\\/atomkraftclonesite-english\\\/#\\\/schema\\\/logo\\\/image\\\/\",\"url\":\"https:\\\/\\\/rpmanetworks.com\\\/atomkraftclonesite-english\\\/wp-content\\\/uploads\\\/2021\\\/09\\\/logo-med-hjemmeside-uden-baggrund.png\",\"contentUrl\":\"https:\\\/\\\/rpmanetworks.com\\\/atomkraftclonesite-english\\\/wp-content\\\/uploads\\\/2021\\\/09\\\/logo-med-hjemmeside-uden-baggrund.png\",\"width\":1452,\"height\":1470,\"caption\":\"Foreningen Atomkraft Ja Tak\"},\"image\":{\"@id\":\"https:\\\/\\\/rpmanetworks.com\\\/atomkraftclonesite-english\\\/#\\\/schema\\\/logo\\\/image\\\/\"}}]}<\/script>\n<!-- \/ Yoast SEO plugin. -->","yoast_head_json":{"title":"Explainer videos - Foreningen Atomkraft Ja Tak","robots":{"index":"index","follow":"follow","max-snippet":"max-snippet:-1","max-image-preview":"max-image-preview:large","max-video-preview":"max-video-preview:-1"},"canonical":"https:\/\/rpmanetworks.com\/atomkraftclonesite-english\/explainer-videoer\/","og_locale":"en_US","og_type":"article","og_title":"Explainer videos - Foreningen Atomkraft Ja Tak","og_description":"Explainer videoer Vi har i foreningen f\u00e5et lavet en r\u00e6kke korte videoer, der har til hensigt at unders\u00f8ge forskellige aspekter af atomkraft p\u00e5 en informativ og humoristisk m\u00e5de.","og_url":"https:\/\/rpmanetworks.com\/atomkraftclonesite-english\/explainer-videoer\/","og_site_name":"Foreningen Atomkraft Ja Tak","article_modified_time":"2023-05-22T13:02:31+00:00","twitter_card":"summary_large_image","twitter_misc":{"Est. reading time":"1 minute"},"schema":{"@context":"https:\/\/schema.org","@graph":[{"@type":"WebPage","@id":"https:\/\/rpmanetworks.com\/atomkraftclonesite-english\/explainer-videoer\/","url":"https:\/\/rpmanetworks.com\/atomkraftclonesite-english\/explainer-videoer\/","name":"Explainer videos - Foreningen Atomkraft Ja Tak","isPartOf":{"@id":"https:\/\/rpmanetworks.com\/atomkraftclonesite-english\/#website"},"datePublished":"2022-04-04T08:48:19+00:00","dateModified":"2023-05-22T13:02:31+00:00","breadcrumb":{"@id":"https:\/\/rpmanetworks.com\/atomkraftclonesite-english\/explainer-videoer\/#breadcrumb"},"inLanguage":"en-US","potentialAction":[{"@type":"ReadAction","target":["https:\/\/rpmanetworks.com\/atomkraftclonesite-english\/explainer-videoer\/"]}]},{"@type":"BreadcrumbList","@id":"https:\/\/rpmanetworks.com\/atomkraftclonesite-english\/explainer-videoer\/#breadcrumb","itemListElement":[{"@type":"ListItem","position":1,"name":"Home","item":"https:\/\/rpmanetworks.com\/atomkraftclonesite-english\/"},{"@type":"ListItem","position":2,"name":"Explainer videos"}]},{"@type":"WebSite","@id":"https:\/\/rpmanetworks.com\/atomkraftclonesite-english\/#website","url":"https:\/\/rpmanetworks.com\/atomkraftclonesite-english\/","name":"Foreningen Atomkraft Ja Tak","description":"- Brug hjernen, split kernen","publisher":{"@id":"https:\/\/rpmanetworks.com\/atomkraftclonesite-english\/#organization"},"potentialAction":[{"@type":"SearchAction","target":{"@type":"EntryPoint","urlTemplate":"https:\/\/rpmanetworks.com\/atomkraftclonesite-english\/?s={search_term_string}"},"query-input":{"@type":"PropertyValueSpecification","valueRequired":true,"valueName":"search_term_string"}}],"inLanguage":"en-US"},{"@type":"Organization","@id":"https:\/\/rpmanetworks.com\/atomkraftclonesite-english\/#organization","name":"Foreningen Atomkraft Ja Tak","url":"https:\/\/rpmanetworks.com\/atomkraftclonesite-english\/","logo":{"@type":"ImageObject","inLanguage":"en-US","@id":"https:\/\/rpmanetworks.com\/atomkraftclonesite-english\/#\/schema\/logo\/image\/","url":"https:\/\/rpmanetworks.com\/atomkraftclonesite-english\/wp-content\/uploads\/2021\/09\/logo-med-hjemmeside-uden-baggrund.png","contentUrl":"https:\/\/rpmanetworks.com\/atomkraftclonesite-english\/wp-content\/uploads\/2021\/09\/logo-med-hjemmeside-uden-baggrund.png","width":1452,"height":1470,"caption":"Foreningen Atomkraft Ja Tak"},"image":{"@id":"https:\/\/rpmanetworks.com\/atomkraftclonesite-english\/#\/schema\/logo\/image\/"}}]}},"uagb_featured_image_src":{"full":false,"thumbnail":false,"medium":false,"medium_large":false,"large":false,"betterdocs-category-thumb":false,"1536x1536":false,"2048x2048":false,"woocommerce_thumbnail":false,"woocommerce_single":false,"woocommerce_gallery_thumbnail":false},"uagb_author_info":{"display_name":"Fajt","author_link":"https:\/\/rpmanetworks.com\/atomkraftclonesite-english\/author\/cto\/"},"uagb_comment_info":0,"uagb_excerpt":"Explainer videoer Vi har i foreningen f\u00e5et lavet en r\u00e6kke korte videoer, der har til hensigt at unders\u00f8ge forskellige aspekter af atomkraft p\u00e5 en informativ og humoristisk m\u00e5de.","_links":{"self":[{"href":"https:\/\/rpmanetworks.com\/atomkraftclonesite-english\/wp-json\/wp\/v2\/pages\/16443","targetHints":{"allow":["GET"]}}],"collection":[{"href":"https:\/\/rpmanetworks.com\/atomkraftclonesite-english\/wp-json\/wp\/v2\/pages"}],"about":[{"href":"https:\/\/rpmanetworks.com\/atomkraftclonesite-english\/wp-json\/wp\/v2\/types\/page"}],"author":[{"embeddable":true,"href":"https:\/\/rpmanetworks.com\/atomkraftclonesite-english\/wp-json\/wp\/v2\/users\/2"}],"replies":[{"embeddable":true,"href":"https:\/\/rpmanetworks.com\/atomkraftclonesite-english\/wp-json\/wp\/v2\/comments?post=16443"}],"version-history":[{"count":0,"href":"https:\/\/rpmanetworks.com\/atomkraftclonesite-english\/wp-json\/wp\/v2\/pages\/16443\/revisions"}],"wp:attachment":[{"href":"https:\/\/rpmanetworks.com\/atomkraftclonesite-english\/wp-json\/wp\/v2\/media?parent=16443"}],"curies":[{"name":"wp","href":"https:\/\/api.w.org\/{rel}","templated":true}]}}